{"id":1599,"date":"2024-08-21T12:35:08","date_gmt":"2024-08-21T12:35:08","guid":{"rendered":"http:\/\/localhost:10018\/home\/"},"modified":"2026-01-06T10:54:31","modified_gmt":"2026-01-06T10:54:31","slug":"home","status":"publish","type":"page","link":"https:\/\/gospel.bredewold.dev\/tr\/","title":{"rendered":"Home"},"content":{"rendered":"<section class=\"home-intro\">\n\n   <div class=\"inner\">\n\n         <article>\n            <h1 style=\"text-align: center;\">Gospel.cloud&#8217;a ho\u015f geldiniz<\/h1>\n<p class=\"space\">&nbsp;<\/p>\n<p style=\"text-align: center;\">Kendi dilinizde Kutsal Kitap<\/p>\n         <\/article>\n\n         <picture class=\"image\">\n            <source srcset=\"https:\/\/gospel.bredewold.dev\/app\/uploads\/images\/1599\/1920x-resize-image-10.webp\" type=\"image\/webp\"\/>\n            <img decoding=\"async\" src=\"https:\/\/gospel.bredewold.dev\/app\/uploads\/images\/1599\/1920x-resize-image-10.png\" alt=\"\"\/>\n         <\/picture>\n\n   <\/div>\n\n   <div class=\"options\">\n         <div class=\"col\">\n            <div class=\"title\">\n               <img decoding=\"async\" src=\"https:\/\/gospel.bredewold.dev\/app\/themes\/bredewoldweb\/build\/images\/icon-read.svg\">\n               <h4>Lezen<\/h4>\n            <\/div>\n            <ul>\n                                                      <li>\n                        <a href=\"https:\/\/www.bible.com\/nl\/bible\/3076\/JHN.1.APO12\" target=\"_blank\">\n                           Deuterokanonik Kitaplar (Apokrifler)                        <\/a>\n                     <\/li>\n                                                                        <li>\n                        <a href=\"https:\/\/www.bible.com\/nl\/bible\/2308\/JHN.1.KKDEU\" target=\"_blank\">\n                           Kutsal Kitap ve Deuterokanonik Kitaplar                        <\/a>\n                     <\/li>\n                                                                        <li>\n                        <a href=\"https:\/\/www.bible.com\/nl\/bible\/2028\/JHN.1.KMEYA\" target=\"_blank\">\n                           Turkish Bible Old Translation 1941                        <\/a>\n                     <\/li>\n                                                                        <li>\n                        <a href=\"https:\/\/www.bible.com\/nl\/bible\/170\/JHN.1.TCL02\" target=\"_blank\">\n                           Kutsal Kitap Yeni \u00c7eviri 2001, 2008                        <\/a>\n                     <\/li>\n                                                                        <li>\n                        <a href=\"https:\/\/www.bible.com\/nl\/bible\/3763\/JHN.1.TTT\" target=\"_blank\">\n                           Temel T\u00fcrk\u00e7e Terc\u00fcme                        <\/a>\n                     <\/li>\n                                                                        <li>\n                        <a href=\"https:\/\/www.bible.com\/nl\/bible\/3516\/JHN.1.TURMAT\" target=\"_blank\">\n                           In\u011fil Mettanyn tahriri \u00fczre 1883                        <\/a>\n                     <\/li>\n                                                                        <li>\n                        <a href=\"https:\/\/www.bible.com\/nl\/bible\/3844\/JHN.1.YTC\" target=\"_blank\">\n                           Yorumsuz T\u00fcrk\u00e7e \u00c7eviri (YTC)                        <\/a>\n                     <\/li>\n                                             <\/ul>\n         <\/div>\n         <div class=\"col\">\n            <div class=\"title\">\n               <img decoding=\"async\" src=\"https:\/\/gospel.bredewold.dev\/app\/themes\/bredewoldweb\/build\/images\/icon-listen.svg\">\n               <h4>Luisteren<\/h4>\n            <\/div>\n            <ul>\n                                                      <li>\n                        <a href=\"https:\/\/live.bible.is\/bible\/TURBLI\/JHN\/1?audio_type=audio_drama\" target=\"_blank\">\n                           Turkish &#8211; Halk Dilinde 2012                        <\/a>\n                     <\/li>\n                                                                        <li>\n                        <a href=\"https:\/\/live.bible.is\/bible\/TURBST\/JHN\/1?audio_type=audio_drama\" target=\"_blank\">\n                           Turkish Yeni \u00c7eviri                        <\/a>\n                     <\/li>\n                                                                        <li>\n                        <a href=\"https:\/\/live.bible.is\/bible\/TURNVS\/JHN\/1\" target=\"_blank\">\n                           M\u00fcjde                        <\/a>\n                     <\/li>\n                                             <\/ul>\n         <\/div>\n         <div class=\"col\">\n            <div class=\"title\">\n               <img decoding=\"async\" src=\"https:\/\/gospel.bredewold.dev\/app\/themes\/bredewoldweb\/build\/images\/icon-watch.svg\">\n               <h4>Kijken<\/h4>\n            <\/div>\n            <ul>\n                                                      <li>\n                        <a href=\"https:\/\/www.jesusfilm.org\/watch\/jesus.html\/turkish.html\" target=\"_blank\">\n                           JesusFilm                        <\/a>\n                     <\/li>\n                                             <\/ul>\n         <\/div>\n   <\/div>\n\n<\/section>","protected":false},"excerpt":{"rendered":"","protected":false},"author":1,"featured_media":0,"parent":0,"menu_order":0,"comment_status":"closed","ping_status":"closed","template":"","meta":{"_acf_changed":false,"footnotes":""},"class_list":["post-1599","page","type-page","status-publish","hentry"],"acf":[],"yoast_head":"<!-- This site is optimized with the Yoast SEO plugin v27.1.1 - https:\/\/yoast.com\/product\/yoast-seo-wordpress\/ -->\n<title>Home - Gospel.Cloud<\/title>\n<meta name=\"robots\" content=\"noindex, follow, max-snippet:-1, max-image-preview:large, max-video-preview:-1\" \/>\n<meta property=\"og:locale\" content=\"tr_TR\" \/>\n<meta property=\"og:type\" content=\"article\" \/>\n<meta property=\"og:title\" content=\"Home - Gospel.Cloud\" \/>\n<meta property=\"og:url\" content=\"https:\/\/gospel.bredewold.dev\/tr\/\" \/>\n<meta property=\"og:site_name\" content=\"Gospel.Cloud\" \/>\n<meta property=\"article:modified_time\" content=\"2026-01-06T10:54:31+00:00\" \/>\n<meta name=\"twitter:card\" content=\"summary_large_image\" \/>\n<script type=\"application\/ld+json\" class=\"yoast-schema-graph\">{\"@context\":\"https:\/\/schema.org\",\"@graph\":[{\"@type\":\"WebPage\",\"@id\":\"https:\/\/gospel.bredewold.dev\/tr\/\",\"url\":\"https:\/\/gospel.bredewold.dev\/tr\/\",\"name\":\"Home - Gospel.Cloud\",\"isPartOf\":{\"@id\":\"https:\/\/gospel.bredewold.dev\/tr\/#website\"},\"datePublished\":\"2024-08-21T12:35:08+00:00\",\"dateModified\":\"2026-01-06T10:54:31+00:00\",\"breadcrumb\":{\"@id\":\"https:\/\/gospel.bredewold.dev\/tr\/#breadcrumb\"},\"inLanguage\":\"tr-TR\",\"potentialAction\":[{\"@type\":\"ReadAction\",\"target\":[\"https:\/\/gospel.bredewold.dev\/tr\/\"]}]},{\"@type\":\"BreadcrumbList\",\"@id\":\"https:\/\/gospel.bredewold.dev\/tr\/#breadcrumb\",\"itemListElement\":[{\"@type\":\"ListItem\",\"position\":1,\"name\":\"Home\",\"item\":\"https:\/\/gospel.bredewold.dev\/tr\/\"},{\"@type\":\"ListItem\",\"position\":2,\"name\":\"Home\"}]},{\"@type\":\"WebSite\",\"@id\":\"https:\/\/gospel.bredewold.dev\/tr\/#website\",\"url\":\"https:\/\/gospel.bredewold.dev\/tr\/\",\"name\":\"Gospel.Cloud\",\"description\":\"The Bible in your language\",\"potentialAction\":[{\"@type\":\"SearchAction\",\"target\":{\"@type\":\"EntryPoint\",\"urlTemplate\":\"https:\/\/gospel.bredewold.dev\/tr\/?s={search_term_string}\"},\"query-input\":{\"@type\":\"PropertyValueSpecification\",\"valueRequired\":true,\"valueName\":\"search_term_string\"}}],\"inLanguage\":\"tr-TR\"}]}<\/script>\n<!-- \/ Yoast SEO plugin. -->","yoast_head_json":{"title":"Home - Gospel.Cloud","robots":{"index":"noindex","follow":"follow","max-snippet":"max-snippet:-1","max-image-preview":"max-image-preview:large","max-video-preview":"max-video-preview:-1"},"og_locale":"tr_TR","og_type":"article","og_title":"Home - Gospel.Cloud","og_url":"https:\/\/gospel.bredewold.dev\/tr\/","og_site_name":"Gospel.Cloud","article_modified_time":"2026-01-06T10:54:31+00:00","twitter_card":"summary_large_image","schema":{"@context":"https:\/\/schema.org","@graph":[{"@type":"WebPage","@id":"https:\/\/gospel.bredewold.dev\/tr\/","url":"https:\/\/gospel.bredewold.dev\/tr\/","name":"Home - Gospel.Cloud","isPartOf":{"@id":"https:\/\/gospel.bredewold.dev\/tr\/#website"},"datePublished":"2024-08-21T12:35:08+00:00","dateModified":"2026-01-06T10:54:31+00:00","breadcrumb":{"@id":"https:\/\/gospel.bredewold.dev\/tr\/#breadcrumb"},"inLanguage":"tr-TR","potentialAction":[{"@type":"ReadAction","target":["https:\/\/gospel.bredewold.dev\/tr\/"]}]},{"@type":"BreadcrumbList","@id":"https:\/\/gospel.bredewold.dev\/tr\/#breadcrumb","itemListElement":[{"@type":"ListItem","position":1,"name":"Home","item":"https:\/\/gospel.bredewold.dev\/tr\/"},{"@type":"ListItem","position":2,"name":"Home"}]},{"@type":"WebSite","@id":"https:\/\/gospel.bredewold.dev\/tr\/#website","url":"https:\/\/gospel.bredewold.dev\/tr\/","name":"Gospel.Cloud","description":"The Bible in your language","potentialAction":[{"@type":"SearchAction","target":{"@type":"EntryPoint","urlTemplate":"https:\/\/gospel.bredewold.dev\/tr\/?s={search_term_string}"},"query-input":{"@type":"PropertyValueSpecification","valueRequired":true,"valueName":"search_term_string"}}],"inLanguage":"tr-TR"}]}},"_links":{"self":[{"href":"https:\/\/gospel.bredewold.dev\/tr\/wp-json\/wp\/v2\/pages\/1599","targetHints":{"allow":["GET"]}}],"collection":[{"href":"https:\/\/gospel.bredewold.dev\/tr\/wp-json\/wp\/v2\/pages"}],"about":[{"href":"https:\/\/gospel.bredewold.dev\/tr\/wp-json\/wp\/v2\/types\/page"}],"author":[{"embeddable":true,"href":"https:\/\/gospel.bredewold.dev\/tr\/wp-json\/wp\/v2\/users\/1"}],"replies":[{"embeddable":true,"href":"https:\/\/gospel.bredewold.dev\/tr\/wp-json\/wp\/v2\/comments?post=1599"}],"version-history":[{"count":2,"href":"https:\/\/gospel.bredewold.dev\/tr\/wp-json\/wp\/v2\/pages\/1599\/revisions"}],"predecessor-version":[{"id":1634,"href":"https:\/\/gospel.bredewold.dev\/tr\/wp-json\/wp\/v2\/pages\/1599\/revisions\/1634"}],"wp:attachment":[{"href":"https:\/\/gospel.bredewold.dev\/tr\/wp-json\/wp\/v2\/media?parent=1599"}],"curies":[{"name":"wp","href":"https:\/\/api.w.org\/{rel}","templated":true}]}}