{"id":1426,"date":"2024-08-21T12:35:08","date_gmt":"2024-08-21T12:35:08","guid":{"rendered":"http:\/\/localhost:10018\/home\/"},"modified":"2026-01-05T10:46:14","modified_gmt":"2026-01-05T10:46:14","slug":"home","status":"publish","type":"page","link":"https:\/\/gospel.bredewold.dev\/sk\/","title":{"rendered":"Home"},"content":{"rendered":"<section class=\"home-intro\">\n\n   <div class=\"inner\">\n\n         <article>\n            <h1 style=\"text-align: center;\">Vitajte na Gospel.cloud<\/h1>\n<p class=\"space\">&nbsp;<\/p>\n<p style=\"text-align: center;\">Biblia vo va\u0161om jazyku<\/p>\n         <\/article>\n\n         <picture class=\"image\">\n            <source srcset=\"https:\/\/gospel.bredewold.dev\/app\/uploads\/images\/1426\/1920x-resize-image-10.webp\" type=\"image\/webp\"\/>\n            <img decoding=\"async\" src=\"https:\/\/gospel.bredewold.dev\/app\/uploads\/images\/1426\/1920x-resize-image-10.png\" alt=\"\"\/>\n         <\/picture>\n\n   <\/div>\n\n   <div class=\"options\">\n         <div class=\"col\">\n            <div class=\"title\">\n               <img decoding=\"async\" src=\"https:\/\/gospel.bredewold.dev\/app\/themes\/bredewoldweb\/build\/images\/icon-read.svg\">\n               <h4>Lezen<\/h4>\n            <\/div>\n            <ul>\n                                                      <li>\n                        <a href=\"https:\/\/www.bible.com\/nl\/bible\/3835\/JHN.1.NPK\" target=\"_blank\">\n                           N\u00e1dej pre kazd\u00e9ho                        <\/a>\n                     <\/li>\n                                                                        <li>\n                        <a href=\"https:\/\/www.bible.com\/nl\/bible\/465\/JHN.1.SEB\" target=\"_blank\">\n                           Slovensk\u00fd ekumenick\u00fd preklad                        <\/a>\n                     <\/li>\n                                                                        <li>\n                        <a href=\"https:\/\/www.bible.com\/nl\/bible\/464\/JHN.1.SEBDT\" target=\"_blank\">\n                           Slovensk\u00fd ekumenick\u00fd preklad s DT knihami                        <\/a>\n                     <\/li>\n                                                                        <li>\n                        <a href=\"https:\/\/www.bible.com\/nl\/bible\/644\/JHN.1.SLB\" target=\"_blank\">\n                           Biblia &#8211; Evanjelick\u00fd preklad                        <\/a>\n                     <\/li>\n                                                                        <li>\n                        <a href=\"https:\/\/www.bible.com\/nl\/bible\/163\/JHN.1.SSV\" target=\"_blank\">\n                           Sv\u00e4t\u00e9 P\u00edsmo &#8211; katol\u00edcky preklad                        <\/a>\n                     <\/li>\n                                             <\/ul>\n         <\/div>\n         <div class=\"col\">\n            <div class=\"title\">\n               <img decoding=\"async\" src=\"https:\/\/gospel.bredewold.dev\/app\/themes\/bredewoldweb\/build\/images\/icon-listen.svg\">\n               <h4>Luisteren<\/h4>\n            <\/div>\n            <ul>\n                                                      <li>\n                        <a href=\"https:\/\/live.bible.is\/bible\/SLKLPF\/JHN\/1\" target=\"_blank\">\n                           Slovak Living New Testament (Nadej Pre Kazdeho)                        <\/a>\n                     <\/li>\n                                             <\/ul>\n         <\/div>\n         <div class=\"col\">\n            <div class=\"title\">\n               <img decoding=\"async\" src=\"https:\/\/gospel.bredewold.dev\/app\/themes\/bredewoldweb\/build\/images\/icon-watch.svg\">\n               <h4>Kijken<\/h4>\n            <\/div>\n            <ul>\n                                                      <li>\n                        <a href=\"https:\/\/www.jesusfilm.org\/watch\/jesus.html\/slovak.html\" target=\"_blank\">\n                           JesusFilm                        <\/a>\n                     <\/li>\n                                             <\/ul>\n         <\/div>\n   <\/div>\n\n<\/section>","protected":false},"excerpt":{"rendered":"","protected":false},"author":1,"featured_media":0,"parent":0,"menu_order":0,"comment_status":"closed","ping_status":"closed","template":"","meta":{"_acf_changed":false,"footnotes":""},"class_list":["post-1426","page","type-page","status-publish","hentry"],"acf":[],"yoast_head":"<!-- This site is optimized with the Yoast SEO plugin v27.1.1 - https:\/\/yoast.com\/product\/yoast-seo-wordpress\/ -->\n<title>Home - Gospel.Cloud<\/title>\n<meta name=\"robots\" content=\"noindex, follow, max-snippet:-1, max-image-preview:large, max-video-preview:-1\" \/>\n<meta property=\"og:locale\" content=\"sk_SK\" \/>\n<meta property=\"og:type\" content=\"article\" \/>\n<meta property=\"og:title\" content=\"Home - Gospel.Cloud\" \/>\n<meta property=\"og:url\" content=\"https:\/\/gospel.bredewold.dev\/sk\/\" \/>\n<meta property=\"og:site_name\" content=\"Gospel.Cloud\" \/>\n<meta property=\"article:modified_time\" content=\"2026-01-05T10:46:14+00:00\" \/>\n<meta name=\"twitter:card\" content=\"summary_large_image\" \/>\n<script type=\"application\/ld+json\" class=\"yoast-schema-graph\">{\"@context\":\"https:\/\/schema.org\",\"@graph\":[{\"@type\":\"WebPage\",\"@id\":\"https:\/\/gospel.bredewold.dev\/sk\/\",\"url\":\"https:\/\/gospel.bredewold.dev\/sk\/\",\"name\":\"Home - Gospel.Cloud\",\"isPartOf\":{\"@id\":\"https:\/\/gospel.bredewold.dev\/sk\/#website\"},\"datePublished\":\"2024-08-21T12:35:08+00:00\",\"dateModified\":\"2026-01-05T10:46:14+00:00\",\"breadcrumb\":{\"@id\":\"https:\/\/gospel.bredewold.dev\/sk\/#breadcrumb\"},\"inLanguage\":\"sk-SK\",\"potentialAction\":[{\"@type\":\"ReadAction\",\"target\":[\"https:\/\/gospel.bredewold.dev\/sk\/\"]}]},{\"@type\":\"BreadcrumbList\",\"@id\":\"https:\/\/gospel.bredewold.dev\/sk\/#breadcrumb\",\"itemListElement\":[{\"@type\":\"ListItem\",\"position\":1,\"name\":\"Home\",\"item\":\"https:\/\/gospel.bredewold.dev\/sk\/\"},{\"@type\":\"ListItem\",\"position\":2,\"name\":\"Home\"}]},{\"@type\":\"WebSite\",\"@id\":\"https:\/\/gospel.bredewold.dev\/sk\/#website\",\"url\":\"https:\/\/gospel.bredewold.dev\/sk\/\",\"name\":\"Gospel.Cloud\",\"description\":\"The Bible in your language\",\"potentialAction\":[{\"@type\":\"SearchAction\",\"target\":{\"@type\":\"EntryPoint\",\"urlTemplate\":\"https:\/\/gospel.bredewold.dev\/sk\/?s={search_term_string}\"},\"query-input\":{\"@type\":\"PropertyValueSpecification\",\"valueRequired\":true,\"valueName\":\"search_term_string\"}}],\"inLanguage\":\"sk-SK\"}]}<\/script>\n<!-- \/ Yoast SEO plugin. -->","yoast_head_json":{"title":"Home - Gospel.Cloud","robots":{"index":"noindex","follow":"follow","max-snippet":"max-snippet:-1","max-image-preview":"max-image-preview:large","max-video-preview":"max-video-preview:-1"},"og_locale":"sk_SK","og_type":"article","og_title":"Home - Gospel.Cloud","og_url":"https:\/\/gospel.bredewold.dev\/sk\/","og_site_name":"Gospel.Cloud","article_modified_time":"2026-01-05T10:46:14+00:00","twitter_card":"summary_large_image","schema":{"@context":"https:\/\/schema.org","@graph":[{"@type":"WebPage","@id":"https:\/\/gospel.bredewold.dev\/sk\/","url":"https:\/\/gospel.bredewold.dev\/sk\/","name":"Home - Gospel.Cloud","isPartOf":{"@id":"https:\/\/gospel.bredewold.dev\/sk\/#website"},"datePublished":"2024-08-21T12:35:08+00:00","dateModified":"2026-01-05T10:46:14+00:00","breadcrumb":{"@id":"https:\/\/gospel.bredewold.dev\/sk\/#breadcrumb"},"inLanguage":"sk-SK","potentialAction":[{"@type":"ReadAction","target":["https:\/\/gospel.bredewold.dev\/sk\/"]}]},{"@type":"BreadcrumbList","@id":"https:\/\/gospel.bredewold.dev\/sk\/#breadcrumb","itemListElement":[{"@type":"ListItem","position":1,"name":"Home","item":"https:\/\/gospel.bredewold.dev\/sk\/"},{"@type":"ListItem","position":2,"name":"Home"}]},{"@type":"WebSite","@id":"https:\/\/gospel.bredewold.dev\/sk\/#website","url":"https:\/\/gospel.bredewold.dev\/sk\/","name":"Gospel.Cloud","description":"The Bible in your language","potentialAction":[{"@type":"SearchAction","target":{"@type":"EntryPoint","urlTemplate":"https:\/\/gospel.bredewold.dev\/sk\/?s={search_term_string}"},"query-input":{"@type":"PropertyValueSpecification","valueRequired":true,"valueName":"search_term_string"}}],"inLanguage":"sk-SK"}]}},"_links":{"self":[{"href":"https:\/\/gospel.bredewold.dev\/sk\/wp-json\/wp\/v2\/pages\/1426","targetHints":{"allow":["GET"]}}],"collection":[{"href":"https:\/\/gospel.bredewold.dev\/sk\/wp-json\/wp\/v2\/pages"}],"about":[{"href":"https:\/\/gospel.bredewold.dev\/sk\/wp-json\/wp\/v2\/types\/page"}],"author":[{"embeddable":true,"href":"https:\/\/gospel.bredewold.dev\/sk\/wp-json\/wp\/v2\/users\/1"}],"replies":[{"embeddable":true,"href":"https:\/\/gospel.bredewold.dev\/sk\/wp-json\/wp\/v2\/comments?post=1426"}],"version-history":[{"count":4,"href":"https:\/\/gospel.bredewold.dev\/sk\/wp-json\/wp\/v2\/pages\/1426\/revisions"}],"predecessor-version":[{"id":1466,"href":"https:\/\/gospel.bredewold.dev\/sk\/wp-json\/wp\/v2\/pages\/1426\/revisions\/1466"}],"wp:attachment":[{"href":"https:\/\/gospel.bredewold.dev\/sk\/wp-json\/wp\/v2\/media?parent=1426"}],"curies":[{"name":"wp","href":"https:\/\/api.w.org\/{rel}","templated":true}]}}