{"id":1323,"date":"2024-08-21T12:35:08","date_gmt":"2024-08-21T12:35:08","guid":{"rendered":"http:\/\/localhost:10018\/home\/"},"modified":"2025-12-23T14:11:49","modified_gmt":"2025-12-23T14:11:49","slug":"home","status":"publish","type":"page","link":"https:\/\/gospel.bredewold.dev\/pl\/","title":{"rendered":"Home"},"content":{"rendered":"<section class=\"home-intro\">\n\n   <div class=\"inner\">\n\n         <article>\n            <h1 style=\"text-align: center;\">Witaj w Gospel.cloud<\/h1>\n<p class=\"space\">&nbsp;<\/p>\n<p style=\"text-align: center;\">Biblia w Twoim j\u0119zyku<\/p>\n         <\/article>\n\n         <picture class=\"image\">\n            <source srcset=\"https:\/\/gospel.bredewold.dev\/app\/uploads\/images\/1323\/1920x-resize-image-10.webp\" type=\"image\/webp\"\/>\n            <img decoding=\"async\" src=\"https:\/\/gospel.bredewold.dev\/app\/uploads\/images\/1323\/1920x-resize-image-10.png\" alt=\"\"\/>\n         <\/picture>\n\n   <\/div>\n\n   <div class=\"options\">\n         <div class=\"col\">\n            <div class=\"title\">\n               <img decoding=\"async\" src=\"https:\/\/gospel.bredewold.dev\/app\/themes\/bredewoldweb\/build\/images\/icon-read.svg\">\n               <h4>Lezen<\/h4>\n            <\/div>\n            <ul>\n                                                      <li>\n                        <a href=\"https:\/\/www.bible.com\/nl\/bible\/3490\/JHN.1.BW1975\" target=\"_blank\">\n                           Biblia Warszawska 1975                        <\/a>\n                     <\/li>\n                                                                        <li>\n                        <a href=\"https:\/\/www.bible.com\/nl\/bible\/319\/JHN.1.NBG\" target=\"_blank\">\n                           Nowa Biblia Gda\u0144ska                        <\/a>\n                     <\/li>\n                                                                        <li>\n                        <a href=\"https:\/\/www.bible.com\/nl\/bible\/3551\/JHN.1.NT%2520NPD\" target=\"_blank\">\n                           Dobra Wiadomo\u015b\u0107 o ratunku w Chrystusie. Nowy Przek\u0142ad Dynamiczny Nowego Testamentu                        <\/a>\n                     <\/li>\n                                                                        <li>\n                        <a href=\"https:\/\/www.bible.com\/nl\/bible\/132\/JHN.1.PBG\" target=\"_blank\">\n                           Biblia Gda\u0144ska                        <\/a>\n                     <\/li>\n                                                                        <li>\n                        <a href=\"https:\/\/www.bible.com\/nl\/bible\/137\/JHN.1.PLNT\" target=\"_blank\">\n                           S\u0142owo \u017bycia                        <\/a>\n                     <\/li>\n                                                                        <li>\n                        <a href=\"https:\/\/www.bible.com\/nl\/bible\/2095\/JHN.1.SNP\" target=\"_blank\">\n                           Biblia, to jest Pismo \u015awi\u0119te Starego i Nowego Przymierza Wydanie pierwsze 2018                        <\/a>\n                     <\/li>\n                                                                        <li>\n                        <a href=\"https:\/\/www.bible.com\/nl\/bible\/3881\/JHN.1.SNPD4\" target=\"_blank\">\n                           Biblia, to jest Pismo \u015awi\u0119te Starego i Nowego Przymierza                        <\/a>\n                     <\/li>\n                                                                        <li>\n                        <a href=\"https:\/\/www.bible.com\/nl\/bible\/138\/JHN.1.UBG\" target=\"_blank\">\n                           UWSP\u00d3\u0141CZE\u015aNIONA BIBLIA GDA\u0143SKA                        <\/a>\n                     <\/li>\n                                             <\/ul>\n         <\/div>\n         <div class=\"col\">\n            <div class=\"title\">\n               <img decoding=\"async\" src=\"https:\/\/gospel.bredewold.dev\/app\/themes\/bredewoldweb\/build\/images\/icon-listen.svg\">\n               <h4>Luisteren<\/h4>\n            <\/div>\n            <ul>\n                                                      <li>\n                        <a href=\"https:\/\/live.bible.is\/bible\/POLLPF\/JHN\/1?audio_type=audio_drama\" target=\"_blank\">\n                           Living New Testament (S\u0142owo \u017bycia)                        <\/a>\n                     <\/li>\n                                                                        <li>\n                        <a href=\"https:\/\/live.bible.is\/bible\/POLNCV\/JHN\/1?audio_type=audio_drama\" target=\"_blank\">\n                           Nowe Przymierze                        <\/a>\n                     <\/li>\n                                                                        <li>\n                        <a href=\"https:\/\/live.bible.is\/bible\/POLMLB\/JHN\/1\" target=\"_blank\">\n                           Biblia Tysi\u0105clecia                        <\/a>\n                     <\/li>\n                                             <\/ul>\n         <\/div>\n         <div class=\"col\">\n            <div class=\"title\">\n               <img decoding=\"async\" src=\"https:\/\/gospel.bredewold.dev\/app\/themes\/bredewoldweb\/build\/images\/icon-watch.svg\">\n               <h4>Kijken<\/h4>\n            <\/div>\n            <ul>\n                                                      <li>\n                        <a href=\"https:\/\/www.jesusfilm.org\/watch\/jesus.html\/polish.html\" target=\"_blank\">\n                           JesusFilm                        <\/a>\n                     <\/li>\n                                             <\/ul>\n         <\/div>\n   <\/div>\n\n<\/section>","protected":false},"excerpt":{"rendered":"","protected":false},"author":1,"featured_media":0,"parent":0,"menu_order":0,"comment_status":"closed","ping_status":"closed","template":"","meta":{"_acf_changed":false,"footnotes":""},"class_list":["post-1323","page","type-page","status-publish","hentry"],"acf":[],"yoast_head":"<!-- This site is optimized with the Yoast SEO plugin v27.1.1 - https:\/\/yoast.com\/product\/yoast-seo-wordpress\/ -->\n<title>Home - Gospel.Cloud<\/title>\n<meta name=\"robots\" content=\"noindex, follow, max-snippet:-1, max-image-preview:large, max-video-preview:-1\" \/>\n<meta property=\"og:locale\" content=\"pl_PL\" \/>\n<meta property=\"og:type\" content=\"article\" \/>\n<meta property=\"og:title\" content=\"Home - Gospel.Cloud\" \/>\n<meta property=\"og:url\" content=\"https:\/\/gospel.bredewold.dev\/pl\/\" \/>\n<meta property=\"og:site_name\" content=\"Gospel.Cloud\" \/>\n<meta property=\"article:modified_time\" content=\"2025-12-23T14:11:49+00:00\" \/>\n<meta name=\"twitter:card\" content=\"summary_large_image\" \/>\n<script type=\"application\/ld+json\" class=\"yoast-schema-graph\">{\"@context\":\"https:\/\/schema.org\",\"@graph\":[{\"@type\":\"WebPage\",\"@id\":\"https:\/\/gospel.bredewold.dev\/pl\/\",\"url\":\"https:\/\/gospel.bredewold.dev\/pl\/\",\"name\":\"Home - Gospel.Cloud\",\"isPartOf\":{\"@id\":\"https:\/\/gospel.bredewold.dev\/pl\/#website\"},\"datePublished\":\"2024-08-21T12:35:08+00:00\",\"dateModified\":\"2025-12-23T14:11:49+00:00\",\"breadcrumb\":{\"@id\":\"https:\/\/gospel.bredewold.dev\/pl\/#breadcrumb\"},\"inLanguage\":\"pl-PL\",\"potentialAction\":[{\"@type\":\"ReadAction\",\"target\":[\"https:\/\/gospel.bredewold.dev\/pl\/\"]}]},{\"@type\":\"BreadcrumbList\",\"@id\":\"https:\/\/gospel.bredewold.dev\/pl\/#breadcrumb\",\"itemListElement\":[{\"@type\":\"ListItem\",\"position\":1,\"name\":\"Home\",\"item\":\"https:\/\/gospel.bredewold.dev\/pl\/\"},{\"@type\":\"ListItem\",\"position\":2,\"name\":\"Home\"}]},{\"@type\":\"WebSite\",\"@id\":\"https:\/\/gospel.bredewold.dev\/pl\/#website\",\"url\":\"https:\/\/gospel.bredewold.dev\/pl\/\",\"name\":\"Gospel.Cloud\",\"description\":\"The Bible in your language\",\"potentialAction\":[{\"@type\":\"SearchAction\",\"target\":{\"@type\":\"EntryPoint\",\"urlTemplate\":\"https:\/\/gospel.bredewold.dev\/pl\/?s={search_term_string}\"},\"query-input\":{\"@type\":\"PropertyValueSpecification\",\"valueRequired\":true,\"valueName\":\"search_term_string\"}}],\"inLanguage\":\"pl-PL\"}]}<\/script>\n<!-- \/ Yoast SEO plugin. -->","yoast_head_json":{"title":"Home - Gospel.Cloud","robots":{"index":"noindex","follow":"follow","max-snippet":"max-snippet:-1","max-image-preview":"max-image-preview:large","max-video-preview":"max-video-preview:-1"},"og_locale":"pl_PL","og_type":"article","og_title":"Home - Gospel.Cloud","og_url":"https:\/\/gospel.bredewold.dev\/pl\/","og_site_name":"Gospel.Cloud","article_modified_time":"2025-12-23T14:11:49+00:00","twitter_card":"summary_large_image","schema":{"@context":"https:\/\/schema.org","@graph":[{"@type":"WebPage","@id":"https:\/\/gospel.bredewold.dev\/pl\/","url":"https:\/\/gospel.bredewold.dev\/pl\/","name":"Home - Gospel.Cloud","isPartOf":{"@id":"https:\/\/gospel.bredewold.dev\/pl\/#website"},"datePublished":"2024-08-21T12:35:08+00:00","dateModified":"2025-12-23T14:11:49+00:00","breadcrumb":{"@id":"https:\/\/gospel.bredewold.dev\/pl\/#breadcrumb"},"inLanguage":"pl-PL","potentialAction":[{"@type":"ReadAction","target":["https:\/\/gospel.bredewold.dev\/pl\/"]}]},{"@type":"BreadcrumbList","@id":"https:\/\/gospel.bredewold.dev\/pl\/#breadcrumb","itemListElement":[{"@type":"ListItem","position":1,"name":"Home","item":"https:\/\/gospel.bredewold.dev\/pl\/"},{"@type":"ListItem","position":2,"name":"Home"}]},{"@type":"WebSite","@id":"https:\/\/gospel.bredewold.dev\/pl\/#website","url":"https:\/\/gospel.bredewold.dev\/pl\/","name":"Gospel.Cloud","description":"The Bible in your language","potentialAction":[{"@type":"SearchAction","target":{"@type":"EntryPoint","urlTemplate":"https:\/\/gospel.bredewold.dev\/pl\/?s={search_term_string}"},"query-input":{"@type":"PropertyValueSpecification","valueRequired":true,"valueName":"search_term_string"}}],"inLanguage":"pl-PL"}]}},"_links":{"self":[{"href":"https:\/\/gospel.bredewold.dev\/pl\/wp-json\/wp\/v2\/pages\/1323","targetHints":{"allow":["GET"]}}],"collection":[{"href":"https:\/\/gospel.bredewold.dev\/pl\/wp-json\/wp\/v2\/pages"}],"about":[{"href":"https:\/\/gospel.bredewold.dev\/pl\/wp-json\/wp\/v2\/types\/page"}],"author":[{"embeddable":true,"href":"https:\/\/gospel.bredewold.dev\/pl\/wp-json\/wp\/v2\/users\/1"}],"replies":[{"embeddable":true,"href":"https:\/\/gospel.bredewold.dev\/pl\/wp-json\/wp\/v2\/comments?post=1323"}],"version-history":[{"count":2,"href":"https:\/\/gospel.bredewold.dev\/pl\/wp-json\/wp\/v2\/pages\/1323\/revisions"}],"predecessor-version":[{"id":1348,"href":"https:\/\/gospel.bredewold.dev\/pl\/wp-json\/wp\/v2\/pages\/1323\/revisions\/1348"}],"wp:attachment":[{"href":"https:\/\/gospel.bredewold.dev\/pl\/wp-json\/wp\/v2\/media?parent=1323"}],"curies":[{"name":"wp","href":"https:\/\/api.w.org\/{rel}","templated":true}]}}