{"id":1079,"date":"2024-08-21T12:35:08","date_gmt":"2024-08-21T12:35:08","guid":{"rendered":"http:\/\/localhost:10018\/home\/"},"modified":"2025-12-22T10:28:54","modified_gmt":"2025-12-22T10:28:54","slug":"home","status":"publish","type":"page","link":"https:\/\/gospel.bredewold.dev\/lt\/","title":{"rendered":"Home"},"content":{"rendered":"<section class=\"home-intro\">\n\n   <div class=\"inner\">\n\n         <article>\n            <h1 style=\"text-align: center;\">Sveiki atvyk\u0119 \u012f Gospel.cloud<\/h1>\n<p class=\"space\">&nbsp;<\/p>\n<p style=\"text-align: center;\">Biblija j\u016bs\u0173 kalba<\/p>\n         <\/article>\n\n         <picture class=\"image\">\n            <source srcset=\"https:\/\/gospel.bredewold.dev\/app\/uploads\/images\/1079\/1920x-resize-image-10.webp\" type=\"image\/webp\"\/>\n            <img decoding=\"async\" src=\"https:\/\/gospel.bredewold.dev\/app\/uploads\/images\/1079\/1920x-resize-image-10.png\" alt=\"\"\/>\n         <\/picture>\n\n   <\/div>\n\n   <div class=\"options\">\n         <div class=\"col\">\n            <div class=\"title\">\n               <img decoding=\"async\" src=\"https:\/\/gospel.bredewold.dev\/app\/themes\/bredewoldweb\/build\/images\/icon-read.svg\">\n               <h4>Lezen<\/h4>\n            <\/div>\n            <ul>\n                                                      <li>\n                        <a href=\"https:\/\/www.bible.com\/nl\/bible\/321\/JHN.1.KBV\" target=\"_blank\">\n                           Biblija. Senasis Testamentas. Naujasis Testamentas                        <\/a>\n                     <\/li>\n                                                                        <li>\n                        <a href=\"https:\/\/www.bible.com\/nl\/bible\/3309\/JHN.1.LBD\" target=\"_blank\">\n                           Biblija arba \u0160ventasis Ra\u0161tas                        <\/a>\n                     <\/li>\n                                                                        <li>\n                        <a href=\"https:\/\/www.bible.com\/nl\/bible\/3317\/JHN.1.LBD-DC\" target=\"_blank\">\n                           Biblija arba \u0160ventasis Ra\u0161tas                        <\/a>\n                     <\/li>\n                                                                        <li>\n                        <a href=\"https:\/\/www.bible.com\/nl\/bible\/420\/JHN.1.LBD-EKU\" target=\"_blank\">\n                           A. Rub\u0161io ir \u010c. Kavaliausko vertimas su Antrojo Kanono knygomis                        <\/a>\n                     <\/li>\n                                                                        <li>\n                        <a href=\"https:\/\/www.bible.com\/nl\/bible\/419\/JHN.1.LBD-KAN\" target=\"_blank\">\n                           A. Rub\u0161io ir \u010c. Kavaliausko vertimas be Antrojo Kanono knyg\u0173                        <\/a>\n                     <\/li>\n                                             <\/ul>\n         <\/div>\n         <div class=\"col\">\n            <div class=\"title\">\n               <img decoding=\"async\" src=\"https:\/\/gospel.bredewold.dev\/app\/themes\/bredewoldweb\/build\/images\/icon-listen.svg\">\n               <h4>Luisteren<\/h4>\n            <\/div>\n            <ul>\n                                                      <li>\n                        <a href=\"https:\/\/live.bible.is\/bible\/LITLVK\/JHN\/1\" target=\"_blank\">\n                           Public Domain                        <\/a>\n                     <\/li>\n                                             <\/ul>\n         <\/div>\n         <div class=\"col\">\n            <div class=\"title\">\n               <img decoding=\"async\" src=\"https:\/\/gospel.bredewold.dev\/app\/themes\/bredewoldweb\/build\/images\/icon-watch.svg\">\n               <h4>Kijken<\/h4>\n            <\/div>\n            <ul>\n                                                      <li>\n                        <a href=\"https:\/\/www.jesusfilm.org\/watch\/jesus.html\/lithuanian.html\" target=\"_blank\">\n                           JesusFilm                        <\/a>\n                     <\/li>\n                                             <\/ul>\n         <\/div>\n   <\/div>\n\n<\/section>","protected":false},"excerpt":{"rendered":"","protected":false},"author":1,"featured_media":0,"parent":0,"menu_order":0,"comment_status":"closed","ping_status":"closed","template":"","meta":{"_acf_changed":false,"footnotes":""},"class_list":["post-1079","page","type-page","status-publish","hentry"],"acf":[],"yoast_head":"<!-- This site is optimized with the Yoast SEO plugin v27.1.1 - https:\/\/yoast.com\/product\/yoast-seo-wordpress\/ -->\n<title>Home - Gospel.Cloud<\/title>\n<meta name=\"robots\" content=\"noindex, follow, max-snippet:-1, max-image-preview:large, max-video-preview:-1\" \/>\n<meta property=\"og:locale\" content=\"lt_LT\" \/>\n<meta property=\"og:type\" content=\"article\" \/>\n<meta property=\"og:title\" content=\"Home - Gospel.Cloud\" \/>\n<meta property=\"og:url\" content=\"https:\/\/gospel.bredewold.dev\/lt\/\" \/>\n<meta property=\"og:site_name\" content=\"Gospel.Cloud\" \/>\n<meta property=\"article:modified_time\" content=\"2025-12-22T10:28:54+00:00\" \/>\n<meta name=\"twitter:card\" content=\"summary_large_image\" \/>\n<script type=\"application\/ld+json\" class=\"yoast-schema-graph\">{\"@context\":\"https:\/\/schema.org\",\"@graph\":[{\"@type\":\"WebPage\",\"@id\":\"https:\/\/gospel.bredewold.dev\/lt\/\",\"url\":\"https:\/\/gospel.bredewold.dev\/lt\/\",\"name\":\"Home - Gospel.Cloud\",\"isPartOf\":{\"@id\":\"https:\/\/gospel.bredewold.dev\/lt\/#website\"},\"datePublished\":\"2024-08-21T12:35:08+00:00\",\"dateModified\":\"2025-12-22T10:28:54+00:00\",\"breadcrumb\":{\"@id\":\"https:\/\/gospel.bredewold.dev\/lt\/#breadcrumb\"},\"inLanguage\":\"lt-LT\",\"potentialAction\":[{\"@type\":\"ReadAction\",\"target\":[\"https:\/\/gospel.bredewold.dev\/lt\/\"]}]},{\"@type\":\"BreadcrumbList\",\"@id\":\"https:\/\/gospel.bredewold.dev\/lt\/#breadcrumb\",\"itemListElement\":[{\"@type\":\"ListItem\",\"position\":1,\"name\":\"Home\",\"item\":\"https:\/\/gospel.bredewold.dev\/lt\/\"},{\"@type\":\"ListItem\",\"position\":2,\"name\":\"Home\"}]},{\"@type\":\"WebSite\",\"@id\":\"https:\/\/gospel.bredewold.dev\/lt\/#website\",\"url\":\"https:\/\/gospel.bredewold.dev\/lt\/\",\"name\":\"Gospel.Cloud\",\"description\":\"The Bible in your language\",\"potentialAction\":[{\"@type\":\"SearchAction\",\"target\":{\"@type\":\"EntryPoint\",\"urlTemplate\":\"https:\/\/gospel.bredewold.dev\/lt\/?s={search_term_string}\"},\"query-input\":{\"@type\":\"PropertyValueSpecification\",\"valueRequired\":true,\"valueName\":\"search_term_string\"}}],\"inLanguage\":\"lt-LT\"}]}<\/script>\n<!-- \/ Yoast SEO plugin. -->","yoast_head_json":{"title":"Home - Gospel.Cloud","robots":{"index":"noindex","follow":"follow","max-snippet":"max-snippet:-1","max-image-preview":"max-image-preview:large","max-video-preview":"max-video-preview:-1"},"og_locale":"lt_LT","og_type":"article","og_title":"Home - Gospel.Cloud","og_url":"https:\/\/gospel.bredewold.dev\/lt\/","og_site_name":"Gospel.Cloud","article_modified_time":"2025-12-22T10:28:54+00:00","twitter_card":"summary_large_image","schema":{"@context":"https:\/\/schema.org","@graph":[{"@type":"WebPage","@id":"https:\/\/gospel.bredewold.dev\/lt\/","url":"https:\/\/gospel.bredewold.dev\/lt\/","name":"Home - Gospel.Cloud","isPartOf":{"@id":"https:\/\/gospel.bredewold.dev\/lt\/#website"},"datePublished":"2024-08-21T12:35:08+00:00","dateModified":"2025-12-22T10:28:54+00:00","breadcrumb":{"@id":"https:\/\/gospel.bredewold.dev\/lt\/#breadcrumb"},"inLanguage":"lt-LT","potentialAction":[{"@type":"ReadAction","target":["https:\/\/gospel.bredewold.dev\/lt\/"]}]},{"@type":"BreadcrumbList","@id":"https:\/\/gospel.bredewold.dev\/lt\/#breadcrumb","itemListElement":[{"@type":"ListItem","position":1,"name":"Home","item":"https:\/\/gospel.bredewold.dev\/lt\/"},{"@type":"ListItem","position":2,"name":"Home"}]},{"@type":"WebSite","@id":"https:\/\/gospel.bredewold.dev\/lt\/#website","url":"https:\/\/gospel.bredewold.dev\/lt\/","name":"Gospel.Cloud","description":"The Bible in your language","potentialAction":[{"@type":"SearchAction","target":{"@type":"EntryPoint","urlTemplate":"https:\/\/gospel.bredewold.dev\/lt\/?s={search_term_string}"},"query-input":{"@type":"PropertyValueSpecification","valueRequired":true,"valueName":"search_term_string"}}],"inLanguage":"lt-LT"}]}},"_links":{"self":[{"href":"https:\/\/gospel.bredewold.dev\/lt\/wp-json\/wp\/v2\/pages\/1079","targetHints":{"allow":["GET"]}}],"collection":[{"href":"https:\/\/gospel.bredewold.dev\/lt\/wp-json\/wp\/v2\/pages"}],"about":[{"href":"https:\/\/gospel.bredewold.dev\/lt\/wp-json\/wp\/v2\/types\/page"}],"author":[{"embeddable":true,"href":"https:\/\/gospel.bredewold.dev\/lt\/wp-json\/wp\/v2\/users\/1"}],"replies":[{"embeddable":true,"href":"https:\/\/gospel.bredewold.dev\/lt\/wp-json\/wp\/v2\/comments?post=1079"}],"version-history":[{"count":4,"href":"https:\/\/gospel.bredewold.dev\/lt\/wp-json\/wp\/v2\/pages\/1079\/revisions"}],"predecessor-version":[{"id":1104,"href":"https:\/\/gospel.bredewold.dev\/lt\/wp-json\/wp\/v2\/pages\/1079\/revisions\/1104"}],"wp:attachment":[{"href":"https:\/\/gospel.bredewold.dev\/lt\/wp-json\/wp\/v2\/media?parent=1079"}],"curies":[{"name":"wp","href":"https:\/\/api.w.org\/{rel}","templated":true}]}}