{"id":978,"date":"2024-08-21T12:35:08","date_gmt":"2024-08-21T12:35:08","guid":{"rendered":"http:\/\/localhost:10018\/home\/"},"modified":"2025-12-19T10:12:09","modified_gmt":"2025-12-19T10:12:09","slug":"home","status":"publish","type":"page","link":"https:\/\/gospel.bredewold.dev\/ku\/","title":{"rendered":"Home"},"content":{"rendered":"<section class=\"home-intro\">\n\n   <div class=\"inner\">\n\n         <article>\n            <h1 style=\"text-align: center;\">Bi x\u00ear hat\u00ee \/ \u0628\u06d5\u062e\u06ce\u0631\u0628\u06ce\u0646 Gospel.cloud<\/h1>\n<p class=\"space\">&nbsp;<\/p>\n<p style=\"text-align: center;\">Kit\u00eaba P\u00eeroz bi ziman\u00ea te \/ \u06a9\u062a\u06ce\u0628\u06cc \u067e\u06cc\u0631\u06c6\u0632 \u0628\u06d5 \u0632\u0645\u0627\u0646\u06cc \u062a\u06c6<\/p>\n         <\/article>\n\n         <picture class=\"image\">\n            <source srcset=\"https:\/\/gospel.bredewold.dev\/app\/uploads\/images\/978\/1920x-resize-image-10.webp\" type=\"image\/webp\"\/>\n            <img decoding=\"async\" src=\"https:\/\/gospel.bredewold.dev\/app\/uploads\/images\/978\/1920x-resize-image-10.png\" alt=\"\"\/>\n         <\/picture>\n\n   <\/div>\n\n   <div class=\"options\">\n         <div class=\"col\">\n            <div class=\"title\">\n               <img decoding=\"async\" src=\"https:\/\/gospel.bredewold.dev\/app\/themes\/bredewoldweb\/build\/images\/icon-read.svg\">\n               <h4>Lezen<\/h4>\n            <\/div>\n            <ul>\n                                                      <li>\n                        <a href=\"https:\/\/www.bible.com\/nl\/bible\/503\/JHN.1.KSS\" target=\"_blank\">\n                           \u0643\u0648\u0631\u062f\u06cc \u0633\u06c6\u0631\u0627\u0646\u06cc \u0633\u062a\u0627\u0646\u062f\u0647\u200c\u0631\u062f                        <\/a>\n                     <\/li>\n                                                                        <li>\n                        <a href=\"https:\/\/www.bible.com\/nl\/bible\/1852\/JHN.1.PNTZS\" target=\"_blank\">\n                           \u067e\u06d5\u06cc\u0645\u0627\u0646\u06cc \u0646\u0648\u06ce \u0648 \u0632\u06d5\u0628\u0648\u0648\u0631\u06d5\u06a9\u0627\u0646 \u0628\u06d5 \u0633\u06c6\u0631\u0627\u0646\u06cc                        <\/a>\n                     <\/li>\n                                                                        <li>\n                        <a href=\"https:\/\/www.bible.com\/nl\/bible\/2557\/JHN.1.KMRNTC\" target=\"_blank\">\n                           \u041f\u04d9\u0439\u043c\u0430\u043d\u0430 \u041d\u0443 (\u0418\u043d\u0449\u0438\u043b)                        <\/a>\n                     <\/li>\n                                                                        <li>\n                        <a href=\"https:\/\/www.bible.com\/nl\/bible\/2556\/JHN.1.KMRNTL\" target=\"_blank\">\n                           Peymana N\u00fb (\u00cenc\u00eel)                        <\/a>\n                     <\/li>\n                                                                        <li>\n                        <a href=\"https:\/\/www.bible.com\/nl\/bible\/251\/JHN.1.KURNT\" target=\"_blank\">\n                           Kurmanji \u00cenc\u00eel                        <\/a>\n                     <\/li>\n                                                                        <li>\n                        <a href=\"https:\/\/www.bible.com\/nl\/bible\/1948\/JHN.1.MKRPRO\" target=\"_blank\">\n                           Methelok\u00ean Hezret\u00ea Sil\u00eaman 1947                        <\/a>\n                     <\/li>\n                                                                        <li>\n                        <a href=\"https:\/\/www.bible.com\/nl\/bible\/4103\/JHN.1.SKB\" target=\"_blank\">\n                           \u06a9\u062a\u0627\u0628 \u0645\u0642\u062f\u0633 \u0628\u0647 \u0632\u0628\u0627\u0646 \u06a9\u0631\u062f\u06cc \u0634\u06cc\u06a9\u0627\u06a9\u06cc                        <\/a>\n                     <\/li>\n                                                                        <li>\n                        <a href=\"https:\/\/www.bible.com\/nl\/bible\/2817\/JHN.1.BHD\" target=\"_blank\">\n                           \u0626\u0646\u062c\u06cc\u0644\u0627 \u067e\u06cc\u0631\u06c6\u0632                        <\/a>\n                     <\/li>\n                                                                        <li>\n                        <a href=\"https:\/\/www.bible.com\/nl\/bible\/4105\/JHN.1.SKV\" target=\"_blank\">\n                           \u06a9\u062a\u0627\u0628 \u0645\u0642\u062f\u0633 \u0628\u0647 \u0632\u0628\u0627\u0646 \u06a9\u0631\u062f\u06cc \u062c\u0646\u0648\u0628\u06cc &#8211; \u06af\u0648\u06cc\u0634 \u06a9\u0644\u0647\u0648\u0631\u06cc                        <\/a>\n                     <\/li>\n                                             <\/ul>\n         <\/div>\n         <div class=\"col\">\n            <div class=\"title\">\n               <img decoding=\"async\" src=\"https:\/\/gospel.bredewold.dev\/app\/themes\/bredewoldweb\/build\/images\/icon-listen.svg\">\n               <h4>Luisteren<\/h4>\n            <\/div>\n            <ul>\n                                                      <li>\n                        <a href=\"https:\/\/live.bible.is\/bible\/KMRKLA\/MAT\/1?audio_type=audio_drama\" target=\"_blank\">\n                           \u06a9\u0648\u0631\u062f\u06cc (\u0628\u06d5\u0647\u062f\u06cc\u0646\u06cc) &#8211; 2019 Kurdish Literature Association                        <\/a>\n                     <\/li>\n                                                                        <li>\n                        <a href=\"https:\/\/live.bible.is\/bible\/KMRK05\/JHN\/1?audio_type=audio_drama\" target=\"_blank\">\n                           Kurmanc\u00ee &#8211; \u00cenc\u00eel \u00fb Zeb\u00fbr                        <\/a>\n                     <\/li>\n                                                                        <li>\n                        <a href=\"https:\/\/live.bible.is\/bible\/KMRKKN\/JHN\/1?audio_type=audio_drama\" target=\"_blank\">\n                           Kurmanc\u00ee &#8211; Latin &#8211; \u00cenc\u00eel Mizg\u00een\u00ee                        <\/a>\n                     <\/li>\n                                                                        <li>\n                        <a href=\"https:\/\/live.bible.is\/bible\/KMRMBN\/JHN\/1?audio_type=audio_drama\" target=\"_blank\">\n                           Kurmanc\u00ee &#8211; Cyrillic &#8211; \u041c\u044c\u0437\u0433\u0438\u043d\u0438                        <\/a>\n                     <\/li>\n                                                                        <li>\n                        <a href=\"https:\/\/live.bible.is\/bible\/CKBCOV\/C01\/1\" target=\"\">\n                           \u06a9\u0648\u0631\u062f\u06cc (\u0633\u06c6\u0631\u0627\u0646\u06cc) &#8211; Kurdish, Sorani &#8211; Covenant                        <\/a>\n                     <\/li>\n                                                                        <li>\n                        <a href=\"https:\/\/live.bible.is\/bible\/CKBIBS\/C01\/1\" target=\"\">\n                           \u06a9\u0648\u0631\u062f\u06cc (\u0633\u06c6\u0631\u0627\u0646\u06cc) &#8211; Biblica\u00ae Open Kurdi Sorani Standard Version 2020                        <\/a>\n                     <\/li>\n                                             <\/ul>\n         <\/div>\n         <div class=\"col\">\n            <div class=\"title\">\n               <img decoding=\"async\" src=\"https:\/\/gospel.bredewold.dev\/app\/themes\/bredewoldweb\/build\/images\/icon-watch.svg\">\n               <h4>Kijken<\/h4>\n            <\/div>\n            <ul>\n                                                      <li>\n                        <a href=\"https:\/\/www.jesusfilm.org\/watch\/jesus.html\/kurdi-behdini.html\" target=\"_blank\">\n                           JesusFilm, \u06a9\u0648\u0631\u062f\u06cc (\u0628\u06d5\u0647\u062f\u06cc\u0646\u06cc)                        <\/a>\n                     <\/li>\n                                                                        <li>\n                        <a href=\"https:\/\/www.jesusfilm.org\/watch\/jesus.html\/kurdi-hawrami.html\" target=\"_blank\">\n                           JesusFilm, \u06a9\u0648\u0631\u062f\u06cc (\u0647\u06d5\u0648\u0631\u0627\u0645\u06cc)                        <\/a>\n                     <\/li>\n                                                                        <li>\n                        <a href=\"https:\/\/www.jesusfilm.org\/watch\/jesus.html\/kurdi-sorani.html\" target=\"_blank\">\n                           JesusFilm, \u06a9\u0648\u0631\u062f\u06cc (\u0633\u06c6\u0631\u0627\u0646\u06cc)                        <\/a>\n                     <\/li>\n                                                                        <li>\n                        <a href=\"https:\/\/www.jesusfilm.org\/watch\/jesus.html\/kurdi-sorani-eastern.html\" target=\"_blank\">\n                           JesusFilm, \u06a9\u0648\u0631\u062f\u06cc (\u0633\u06c6\u0631\u0627\u0646\u06cc\u06cc \u0695\u06c6\u0698\u0647\u06d5\u06b5\u0627\u062a)                        <\/a>\n                     <\/li>\n                                                                        <li>\n                        <a href=\"https:\/\/www.jesusfilm.org\/watch\/jesus.html\/kurdish-afrini.html\" target=\"_blank\">\n                           JesusFilm, \u06a9\u0648\u0631\u062f\u06cc (\u0639\u06d5\u0641\u0631\u06cc\u0646\u06cc)                        <\/a>\n                     <\/li>\n                                             <\/ul>\n         <\/div>\n   <\/div>\n\n<\/section>","protected":false},"excerpt":{"rendered":"","protected":false},"author":1,"featured_media":0,"parent":0,"menu_order":0,"comment_status":"closed","ping_status":"closed","template":"","meta":{"_acf_changed":false,"footnotes":""},"class_list":["post-978","page","type-page","status-publish","hentry"],"acf":[],"yoast_head":"<!-- This site is optimized with the Yoast SEO plugin v27.1.1 - https:\/\/yoast.com\/product\/yoast-seo-wordpress\/ -->\n<title>Home - Gospel.Cloud<\/title>\n<meta name=\"robots\" content=\"noindex, follow, max-snippet:-1, max-image-preview:large, max-video-preview:-1\" \/>\n<meta property=\"og:locale\" content=\"en_US\" \/>\n<meta property=\"og:type\" content=\"article\" \/>\n<meta property=\"og:title\" content=\"Home - Gospel.Cloud\" \/>\n<meta property=\"og:url\" content=\"https:\/\/gospel.bredewold.dev\/ku\/\" \/>\n<meta property=\"og:site_name\" content=\"Gospel.Cloud\" \/>\n<meta property=\"article:modified_time\" content=\"2025-12-19T10:12:09+00:00\" \/>\n<meta name=\"twitter:card\" content=\"summary_large_image\" \/>\n<script type=\"application\/ld+json\" class=\"yoast-schema-graph\">{\"@context\":\"https:\/\/schema.org\",\"@graph\":[{\"@type\":\"WebPage\",\"@id\":\"https:\/\/gospel.bredewold.dev\/ku\/\",\"url\":\"https:\/\/gospel.bredewold.dev\/ku\/\",\"name\":\"Home - Gospel.Cloud\",\"isPartOf\":{\"@id\":\"https:\/\/gospel.bredewold.dev\/ku\/#website\"},\"datePublished\":\"2024-08-21T12:35:08+00:00\",\"dateModified\":\"2025-12-19T10:12:09+00:00\",\"breadcrumb\":{\"@id\":\"https:\/\/gospel.bredewold.dev\/ku\/#breadcrumb\"},\"inLanguage\":\"ckb\",\"potentialAction\":[{\"@type\":\"ReadAction\",\"target\":[\"https:\/\/gospel.bredewold.dev\/ku\/\"]}]},{\"@type\":\"BreadcrumbList\",\"@id\":\"https:\/\/gospel.bredewold.dev\/ku\/#breadcrumb\",\"itemListElement\":[{\"@type\":\"ListItem\",\"position\":1,\"name\":\"Home\",\"item\":\"https:\/\/gospel.bredewold.dev\/ku\/\"},{\"@type\":\"ListItem\",\"position\":2,\"name\":\"Home\"}]},{\"@type\":\"WebSite\",\"@id\":\"https:\/\/gospel.bredewold.dev\/ku\/#website\",\"url\":\"https:\/\/gospel.bredewold.dev\/ku\/\",\"name\":\"Gospel.Cloud\",\"description\":\"The Bible in your language\",\"potentialAction\":[{\"@type\":\"SearchAction\",\"target\":{\"@type\":\"EntryPoint\",\"urlTemplate\":\"https:\/\/gospel.bredewold.dev\/ku\/?s={search_term_string}\"},\"query-input\":{\"@type\":\"PropertyValueSpecification\",\"valueRequired\":true,\"valueName\":\"search_term_string\"}}],\"inLanguage\":\"ckb\"}]}<\/script>\n<!-- \/ Yoast SEO plugin. -->","yoast_head_json":{"title":"Home - Gospel.Cloud","robots":{"index":"noindex","follow":"follow","max-snippet":"max-snippet:-1","max-image-preview":"max-image-preview:large","max-video-preview":"max-video-preview:-1"},"og_locale":"en_US","og_type":"article","og_title":"Home - Gospel.Cloud","og_url":"https:\/\/gospel.bredewold.dev\/ku\/","og_site_name":"Gospel.Cloud","article_modified_time":"2025-12-19T10:12:09+00:00","twitter_card":"summary_large_image","schema":{"@context":"https:\/\/schema.org","@graph":[{"@type":"WebPage","@id":"https:\/\/gospel.bredewold.dev\/ku\/","url":"https:\/\/gospel.bredewold.dev\/ku\/","name":"Home - Gospel.Cloud","isPartOf":{"@id":"https:\/\/gospel.bredewold.dev\/ku\/#website"},"datePublished":"2024-08-21T12:35:08+00:00","dateModified":"2025-12-19T10:12:09+00:00","breadcrumb":{"@id":"https:\/\/gospel.bredewold.dev\/ku\/#breadcrumb"},"inLanguage":"ckb","potentialAction":[{"@type":"ReadAction","target":["https:\/\/gospel.bredewold.dev\/ku\/"]}]},{"@type":"BreadcrumbList","@id":"https:\/\/gospel.bredewold.dev\/ku\/#breadcrumb","itemListElement":[{"@type":"ListItem","position":1,"name":"Home","item":"https:\/\/gospel.bredewold.dev\/ku\/"},{"@type":"ListItem","position":2,"name":"Home"}]},{"@type":"WebSite","@id":"https:\/\/gospel.bredewold.dev\/ku\/#website","url":"https:\/\/gospel.bredewold.dev\/ku\/","name":"Gospel.Cloud","description":"The Bible in your language","potentialAction":[{"@type":"SearchAction","target":{"@type":"EntryPoint","urlTemplate":"https:\/\/gospel.bredewold.dev\/ku\/?s={search_term_string}"},"query-input":{"@type":"PropertyValueSpecification","valueRequired":true,"valueName":"search_term_string"}}],"inLanguage":"ckb"}]}},"_links":{"self":[{"href":"https:\/\/gospel.bredewold.dev\/ku\/wp-json\/wp\/v2\/pages\/978","targetHints":{"allow":["GET"]}}],"collection":[{"href":"https:\/\/gospel.bredewold.dev\/ku\/wp-json\/wp\/v2\/pages"}],"about":[{"href":"https:\/\/gospel.bredewold.dev\/ku\/wp-json\/wp\/v2\/types\/page"}],"author":[{"embeddable":true,"href":"https:\/\/gospel.bredewold.dev\/ku\/wp-json\/wp\/v2\/users\/1"}],"replies":[{"embeddable":true,"href":"https:\/\/gospel.bredewold.dev\/ku\/wp-json\/wp\/v2\/comments?post=978"}],"version-history":[{"count":11,"href":"https:\/\/gospel.bredewold.dev\/ku\/wp-json\/wp\/v2\/pages\/978\/revisions"}],"predecessor-version":[{"id":1010,"href":"https:\/\/gospel.bredewold.dev\/ku\/wp-json\/wp\/v2\/pages\/978\/revisions\/1010"}],"wp:attachment":[{"href":"https:\/\/gospel.bredewold.dev\/ku\/wp-json\/wp\/v2\/media?parent=978"}],"curies":[{"name":"wp","href":"https:\/\/api.w.org\/{rel}","templated":true}]}}