{"id":697,"date":"2024-08-21T12:35:08","date_gmt":"2024-08-21T12:35:08","guid":{"rendered":"http:\/\/localhost:10018\/home\/"},"modified":"2025-12-16T13:05:59","modified_gmt":"2025-12-16T13:05:59","slug":"home","status":"publish","type":"page","link":"https:\/\/gospel.bredewold.dev\/gn\/","title":{"rendered":"Home"},"content":{"rendered":"<section class=\"home-intro\">\n\n   <div class=\"inner\">\n\n         <article>\n            <h1 style=\"text-align: center;\">Nd\u00e9va mba&#8217;e Gospel.cloud-pe<\/h1>\n<p class=\"space\">&nbsp;<\/p>\n<p style=\"text-align: center;\">\u00d1andej\u00e1ra \u00d1e\u2019\u1ebd nde \u00f1e\u2019\u1ebdme<\/p>\n         <\/article>\n\n         <picture class=\"image\">\n            <source srcset=\"https:\/\/gospel.bredewold.dev\/app\/uploads\/images\/697\/1920x-resize-image-10.webp\" type=\"image\/webp\"\/>\n            <img decoding=\"async\" src=\"https:\/\/gospel.bredewold.dev\/app\/uploads\/images\/697\/1920x-resize-image-10.png\" alt=\"\"\/>\n         <\/picture>\n\n   <\/div>\n\n   <div class=\"options\">\n         <div class=\"col\">\n            <div class=\"title\">\n               <img decoding=\"async\" src=\"https:\/\/gospel.bredewold.dev\/app\/themes\/bredewoldweb\/build\/images\/icon-read.svg\">\n               <h4>Lezen<\/h4>\n            <\/div>\n            <ul>\n                                                      <li>\n                        <a href=\"https:\/\/www.bible.com\/nl\/bible\/2315\/JHN.1.BNP76\" target=\"_blank\">\n                           Guaran\u00ed Paraguayo &#8211; \u00d1andeyara \u00d1e&#8217;\u1ebd                        <\/a>\n                     <\/li>\n                                                                        <li>\n                        <a href=\"https:\/\/www.bible.com\/nl\/bible\/3374\/JHN.1.GDC2006\" target=\"_blank\">\n                           Guaran\u00ed Paraguayo &#8211; \u00d1andejara \u00d1e\u2019\u1ebd \u271f                        <\/a>\n                     <\/li>\n                                                                        <li>\n                        <a href=\"https:\/\/www.bible.com\/nl\/bible\/66\/JHN.1.GPC2006\" target=\"_blank\">\n                           Guaran\u00ed Paraguayo &#8211; \u00d1andej\u00e1ra \u00d1e\u2019\u1ebd                        <\/a>\n                     <\/li>\n                                                                        <li>\n                        <a href=\"https:\/\/www.bible.com\/nl\/bible\/805\/JHN.1.GRN1913\" target=\"_blank\">\n                           Guaran\u00ed Paraguayo &#8211; T\u00fbp\u00e2 \u00d1andey\u00e1ra 1913                        <\/a>\n                     <\/li>\n                                                                        <li>\n                        <a href=\"https:\/\/www.bible.com\/nl\/bible\/3146\/JHN.1.%25C3%2591%25C3%2591P2015\" target=\"_blank\">\n                           Guaran\u00ed Paraguayo &#8211; \u00d1anderuete \u00d1e\u2019\u1ebd Por\u00e3 2015                        <\/a>\n                     <\/li>\n                                                                        <li>\n                        <a href=\"https:\/\/www.bible.com\/nl\/bible\/972\/JHN.1.GUABD\" target=\"_blank\">\n                           Guaran\u00ed: Ava (Bolivia) &#8211; Biblia Guarani, Tumpa I\u00f1ee                        <\/a>\n                     <\/li>\n                                                                        <li>\n                        <a href=\"https:\/\/www.bible.com\/nl\/bible\/590\/JHN.1.GUI\" target=\"_blank\">\n                           Guaran\u00ed: Ava (Bolivia) &#8211; Nuevo Testamento Guaran\u00ed Pe                        <\/a>\n                     <\/li>\n                                                                        <li>\n                        <a href=\"https:\/\/www.bible.com\/nl\/bible\/1739\/JHN.1.GNWPB\" target=\"_blank\">\n                           Guaran\u00ed: Simba &#8211; Biblia                        <\/a>\n                     <\/li>\n                                                                        <li>\n                        <a href=\"https:\/\/www.bible.com\/nl\/bible\/606\/JHN.1.GWN\" target=\"_blank\">\n                           Guaran\u00ed: Simba &#8211; Guaran\u00ed Pe (Western): Simba                        <\/a>\n                     <\/li>\n                                                                        <li>\n                        <a href=\"https:\/\/www.bible.com\/nl\/bible\/1066\/JHN.1.GUNBIBLE\" target=\"_blank\">\n                           Mby\u00e1 Guaran\u00ed &#8211; Nhanderuete ayvu iky&#8217;a e&#8217;y\u0303 va&#8217;e                        <\/a>\n                     <\/li>\n                                             <\/ul>\n         <\/div>\n         <div class=\"col\">\n            <div class=\"title\">\n               <img decoding=\"async\" src=\"https:\/\/gospel.bredewold.dev\/app\/themes\/bredewoldweb\/build\/images\/icon-listen.svg\">\n               <h4>Luisteren<\/h4>\n            <\/div>\n            <ul>\n                                                      <li>\n                        <a href=\"https:\/\/live.bible.is\/bible\/GUISBU\/MAT\/1?audio_type=audio_drama\" target=\"_blank\">\n                           Guaran\u00ed Paraguayo &#8211; 2006 Misi\u00f3n Nuevas Tribus, La Biblia Ilustrada                        <\/a>\n                     <\/li>\n                                                                        <li>\n                        <a href=\"https:\/\/live.bible.is\/bible\/GUGP02\/JHN\/1\" target=\"_blank\">\n                           Guaran\u00ed Paraguayo &#8211; 2002 Bible Society of Paraguay                        <\/a>\n                     <\/li>\n                                                                        <li>\n                        <a href=\"https:\/\/live.bible.is\/bible\/GUISBU\/JHN\/1?audio_type=audio_drama\" target=\"_blank\">\n                           Guaran\u00ed: Ava (Bolivia) &#8211; Biblia Guarani, Tumpa I\u00f1ee                        <\/a>\n                     <\/li>\n                                                                        <li>\n                        <a href=\"https:\/\/live.bible.is\/bible\/GNWNTM\/JHN\/1?audio_type=audio_drama\" target=\"_blank\">\n                           Guaran\u00ed: Simba &#8211; New Tribes Mission, 1984                        <\/a>\n                     <\/li>\n                                             <\/ul>\n         <\/div>\n         <div class=\"col\">\n            <div class=\"title\">\n               <img decoding=\"async\" src=\"https:\/\/gospel.bredewold.dev\/app\/themes\/bredewoldweb\/build\/images\/icon-watch.svg\">\n               <h4>Kijken<\/h4>\n            <\/div>\n            <ul>\n                                                      <li>\n                        <a href=\"https:\/\/www.jesusfilm.org\/watch\/jesus.html\/guarani-paraguayan.html\" target=\"_blank\">\n                           Guaran\u00ed Paraguayo &#8211; JesusFilm                        <\/a>\n                     <\/li>\n                                                                        <li>\n                        <a href=\"https:\/\/www.jesusfilm.org\/watch\/jesus.html\/guarani-western-bolivian.html\" target=\"_blank\">\n                           Guarani, Western Bolivian &#8211; JesusFilm                        <\/a>\n                     <\/li>\n                                                                        <li>\n                        <a href=\"https:\/\/www.jesusfilm.org\/watch\/jesus.html\/guarani-western-bolivian.html\" target=\"_blank\">\n                           Guarani, Bolivian, Eastern &#8211; JesusFilm                        <\/a>\n                     <\/li>\n                                                                        <li>\n                        <a href=\"https:\/\/www.jesusfilm.org\/watch\/jesus.html\/guarani-mbya.html\" target=\"_blank\">\n                           Guarani, Mbya &#8211; JesusFilm                        <\/a>\n                     <\/li>\n                                             <\/ul>\n         <\/div>\n   <\/div>\n\n<\/section>","protected":false},"excerpt":{"rendered":"","protected":false},"author":1,"featured_media":0,"parent":0,"menu_order":0,"comment_status":"closed","ping_status":"closed","template":"","meta":{"_acf_changed":false,"footnotes":""},"class_list":["post-697","page","type-page","status-publish","hentry"],"acf":[],"yoast_head":"<!-- This site is optimized with the Yoast SEO plugin v27.1.1 - https:\/\/yoast.com\/product\/yoast-seo-wordpress\/ -->\n<title>Home - Gospel.Cloud<\/title>\n<meta name=\"robots\" content=\"noindex, follow, max-snippet:-1, max-image-preview:large, max-video-preview:-1\" \/>\n<meta property=\"og:locale\" content=\"gn_PY\" \/>\n<meta property=\"og:type\" content=\"article\" \/>\n<meta property=\"og:title\" content=\"Home - Gospel.Cloud\" \/>\n<meta property=\"og:url\" content=\"https:\/\/gospel.bredewold.dev\/gn\/\" \/>\n<meta property=\"og:site_name\" content=\"Gospel.Cloud\" \/>\n<meta property=\"article:modified_time\" content=\"2025-12-16T13:05:59+00:00\" \/>\n<meta name=\"twitter:card\" content=\"summary_large_image\" \/>\n<script type=\"application\/ld+json\" class=\"yoast-schema-graph\">{\"@context\":\"https:\/\/schema.org\",\"@graph\":[{\"@type\":\"WebPage\",\"@id\":\"https:\/\/gospel.bredewold.dev\/gn\/\",\"url\":\"https:\/\/gospel.bredewold.dev\/gn\/\",\"name\":\"Home - Gospel.Cloud\",\"isPartOf\":{\"@id\":\"https:\/\/gospel.bredewold.dev\/gn\/#website\"},\"datePublished\":\"2024-08-21T12:35:08+00:00\",\"dateModified\":\"2025-12-16T13:05:59+00:00\",\"breadcrumb\":{\"@id\":\"https:\/\/gospel.bredewold.dev\/gn\/#breadcrumb\"},\"inLanguage\":\"gn-PY\",\"potentialAction\":[{\"@type\":\"ReadAction\",\"target\":[\"https:\/\/gospel.bredewold.dev\/gn\/\"]}]},{\"@type\":\"BreadcrumbList\",\"@id\":\"https:\/\/gospel.bredewold.dev\/gn\/#breadcrumb\",\"itemListElement\":[{\"@type\":\"ListItem\",\"position\":1,\"name\":\"Home\",\"item\":\"https:\/\/gospel.bredewold.dev\/gn\/\"},{\"@type\":\"ListItem\",\"position\":2,\"name\":\"Home\"}]},{\"@type\":\"WebSite\",\"@id\":\"https:\/\/gospel.bredewold.dev\/gn\/#website\",\"url\":\"https:\/\/gospel.bredewold.dev\/gn\/\",\"name\":\"Gospel.Cloud\",\"description\":\"The Bible in your language\",\"potentialAction\":[{\"@type\":\"SearchAction\",\"target\":{\"@type\":\"EntryPoint\",\"urlTemplate\":\"https:\/\/gospel.bredewold.dev\/gn\/?s={search_term_string}\"},\"query-input\":{\"@type\":\"PropertyValueSpecification\",\"valueRequired\":true,\"valueName\":\"search_term_string\"}}],\"inLanguage\":\"gn-PY\"}]}<\/script>\n<!-- \/ Yoast SEO plugin. -->","yoast_head_json":{"title":"Home - Gospel.Cloud","robots":{"index":"noindex","follow":"follow","max-snippet":"max-snippet:-1","max-image-preview":"max-image-preview:large","max-video-preview":"max-video-preview:-1"},"og_locale":"gn_PY","og_type":"article","og_title":"Home - Gospel.Cloud","og_url":"https:\/\/gospel.bredewold.dev\/gn\/","og_site_name":"Gospel.Cloud","article_modified_time":"2025-12-16T13:05:59+00:00","twitter_card":"summary_large_image","schema":{"@context":"https:\/\/schema.org","@graph":[{"@type":"WebPage","@id":"https:\/\/gospel.bredewold.dev\/gn\/","url":"https:\/\/gospel.bredewold.dev\/gn\/","name":"Home - Gospel.Cloud","isPartOf":{"@id":"https:\/\/gospel.bredewold.dev\/gn\/#website"},"datePublished":"2024-08-21T12:35:08+00:00","dateModified":"2025-12-16T13:05:59+00:00","breadcrumb":{"@id":"https:\/\/gospel.bredewold.dev\/gn\/#breadcrumb"},"inLanguage":"gn-PY","potentialAction":[{"@type":"ReadAction","target":["https:\/\/gospel.bredewold.dev\/gn\/"]}]},{"@type":"BreadcrumbList","@id":"https:\/\/gospel.bredewold.dev\/gn\/#breadcrumb","itemListElement":[{"@type":"ListItem","position":1,"name":"Home","item":"https:\/\/gospel.bredewold.dev\/gn\/"},{"@type":"ListItem","position":2,"name":"Home"}]},{"@type":"WebSite","@id":"https:\/\/gospel.bredewold.dev\/gn\/#website","url":"https:\/\/gospel.bredewold.dev\/gn\/","name":"Gospel.Cloud","description":"The Bible in your language","potentialAction":[{"@type":"SearchAction","target":{"@type":"EntryPoint","urlTemplate":"https:\/\/gospel.bredewold.dev\/gn\/?s={search_term_string}"},"query-input":{"@type":"PropertyValueSpecification","valueRequired":true,"valueName":"search_term_string"}}],"inLanguage":"gn-PY"}]}},"_links":{"self":[{"href":"https:\/\/gospel.bredewold.dev\/gn\/wp-json\/wp\/v2\/pages\/697","targetHints":{"allow":["GET"]}}],"collection":[{"href":"https:\/\/gospel.bredewold.dev\/gn\/wp-json\/wp\/v2\/pages"}],"about":[{"href":"https:\/\/gospel.bredewold.dev\/gn\/wp-json\/wp\/v2\/types\/page"}],"author":[{"embeddable":true,"href":"https:\/\/gospel.bredewold.dev\/gn\/wp-json\/wp\/v2\/users\/1"}],"replies":[{"embeddable":true,"href":"https:\/\/gospel.bredewold.dev\/gn\/wp-json\/wp\/v2\/comments?post=697"}],"version-history":[{"count":7,"href":"https:\/\/gospel.bredewold.dev\/gn\/wp-json\/wp\/v2\/pages\/697\/revisions"}],"predecessor-version":[{"id":731,"href":"https:\/\/gospel.bredewold.dev\/gn\/wp-json\/wp\/v2\/pages\/697\/revisions\/731"}],"wp:attachment":[{"href":"https:\/\/gospel.bredewold.dev\/gn\/wp-json\/wp\/v2\/media?parent=697"}],"curies":[{"name":"wp","href":"https:\/\/api.w.org\/{rel}","templated":true}]}}