{"id":413,"date":"2024-08-21T12:35:08","date_gmt":"2024-08-21T12:35:08","guid":{"rendered":"https:\/\/gospel.cloud\/home\/"},"modified":"2025-12-12T15:12:20","modified_gmt":"2025-12-12T15:12:20","slug":"home","status":"publish","type":"page","link":"https:\/\/gospel.bredewold.dev\/bn\/","title":{"rendered":"Home"},"content":{"rendered":"<section class=\"home-intro\">\n\n   <div class=\"inner\">\n\n         <article>\n            <h1 style=\"text-align: center;\">Gospel.cloud-\u098f \u0986\u09aa\u09a8\u09be\u0995\u09c7 \u09b8\u09cd\u09ac\u09be\u0997\u09a4\u09ae<\/h1>\n<p class=\"space\">&nbsp;<p style=\"text-align: center;\">\u0986\u09aa\u09a8\u09be\u09b0 \u09ad\u09be\u09b7\u09be\u09af\u09bc \u09ac\u09be\u0987\u09ac\u09c7\u09b2<\/p>\n         <\/article>\n\n         <picture class=\"image\">\n            <source srcset=\"https:\/\/gospel.bredewold.dev\/app\/uploads\/images\/413\/1920x-resize-image-10.webp\" type=\"image\/webp\"\/>\n            <img decoding=\"async\" src=\"https:\/\/gospel.bredewold.dev\/app\/uploads\/images\/413\/1920x-resize-image-10.png\" alt=\"\"\/>\n         <\/picture>\n\n   <\/div>\n\n   <div class=\"options\">\n         <div class=\"col\">\n            <div class=\"title\">\n               <img decoding=\"async\" src=\"https:\/\/gospel.bredewold.dev\/app\/themes\/bredewoldweb\/build\/images\/icon-read.svg\">\n               <h4>Lezen<\/h4>\n            <\/div>\n            <ul>\n                                                      <li>\n                        <a href=\"https:\/\/www.bible.com\/bible\/809\/JHN.1.BACIB\" target=\"_blank\">\n                           \u0995\u09bf\u09a4\u09be\u09ac\u09c1\u09b2 \u09ae\u09cb\u0995\u09be\u09a6\u09cd\u09a6\u09b8                        <\/a>\n                     <\/li>\n                                                                        <li>\n                        <a href=\"https:\/\/www.bible.com\/bible\/2412\/JHN.1.BCV\" target=\"_blank\">\n                           \u09ac\u09be\u0982\u09b2\u09be \u09b8\u09ae\u0995\u09be\u09b2\u09c0\u09a8 \u09b8\u0982\u09b8\u09cd\u0995\u09b0\u09a3                        <\/a>\n                     <\/li>\n                                                                        <li>\n                        <a href=\"https:\/\/www.bible.com\/bible\/3014\/JHN.1.BEN1882R\" target=\"_blank\">\n                           M\u00e1rk-Likhita Susam\u00e1c\u00e1r 1882 (Romanised Bengali)                        <\/a>\n                     <\/li>\n                                                                        <li>\n                        <a href=\"https:\/\/www.bible.com\/bible\/3015\/JHN.1.BEN1921R\" target=\"_blank\">\n                           luker lekha \u0283u\u0283omacar 1921 (Colloquial Bengali in Simplified Phonetics)                        <\/a>\n                     <\/li>\n                                                                        <li>\n                        <a href=\"https:\/\/www.bible.com\/bible\/1690\/JHN.1.BENGALCL-BSI\" target=\"_blank\">\n                           \u09aa\u09ac\u09bf\u098f \u09ac\u09be\u0987\u09ac\u09c7\u09b2 CL Bible (BSI)                        <\/a>\n                     <\/li>\n                                                                        <li>\n                        <a href=\"https:\/\/www.bible.com\/bible\/1681\/JHN.1.BENGALI-BSI\" target=\"_blank\">\n                           \u09aa\u09ac\u09bf\u09a4\u09cd\u09b0 \u09ac\u09be\u0987\u09ac\u09c7\u09b2 O.V. (BSI)                        <\/a>\n                     <\/li>\n                                                                        <li>\n                        <a href=\"https:\/\/www.bible.com\/bible\/3150\/JHN.1.BERV\" target=\"\">\n                           \u09aa\u09ac\u09bf\u09a4\u09cd\u09b0 \u09ac\u09be\u0987\u09ac\u09c7\u09b2                        <\/a>\n                     <\/li>\n                                                                        <li>\n                        <a href=\"https:\/\/www.bible.com\/bible\/1883\/JHN.1.IRVBEN\" target=\"_blank\">\n                           \u0987\u09a8\u09cd\u09a1\u09bf\u09df\u09be\u09a8 \u09b0\u09bf\u09ad\u09be\u0987\u099c\u09a1 \u09ad\u09be\u09b0\u09cd\u09b8\u09a8 (IRV) &#8211; \u09ac\u09c7\u0999\u09cd\u0997\u09b2\u09c0                        <\/a>\n                     <\/li>\n                                                                        <li>\n                        <a href=\"https:\/\/www.bible.com\/bible\/95\/JHN.1.MBCL\" target=\"_blank\">\n                           Kitabul Mukkadas                        <\/a>\n                     <\/li>\n                                                                        <li>\n                        <a href=\"https:\/\/www.bible.com\/bible\/155\/JHN.1.SBCL\" target=\"_blank\">\n                           Pobitro Baibel                        <\/a>\n                     <\/li>\n                                                                        <li>\n                        <a href=\"https:\/\/www.bible.com\/bible\/1791\/JHN.1.%25E0%25A6%25AC%25E0%25A6%25BF%25E0%25A6%25AC%25E0%25A6%25BF%25E0%25A6%258F%25E0%25A6%25B8\" target=\"_blank\">\n                           \u09aa\u09ac\u09bf\u09a4\u09cd\u09b0 \u09ac\u09be\u0987\u09ac\u09c7\u09b2 (\u0995\u09c7\u09b0\u09c0 \u09ad\u09be\u09b0\u09cd\u09b8\u09a8)                        <\/a>\n                     <\/li>\n                                                                        <li>\n                        <a href=\"https:\/\/www.bible.com\/bible\/3824\/JHN.1.%25E0%25A6%25AC%25E0%25A6%25BF%25E0%25A6%25AC%25E0%25A6%25BF%25E0%25A6%258F%25E0%25A6%25B8-%25E0%25A6%2597%25E0%25A6%25B8%25E0%25A6%25AA%25E0%25A7%2587%25E0%25A6%25B2\" target=\"_blank\">\n                           \u09aa\u09ac\u09bf\u09a4\u09cd\u09b0 \u09ac\u09be\u0987\u09ac\u09c7\u09b2 \u0997\u09b8\u09aa\u09c7\u09b2 (\u0995\u09c7\u09b0\u09c0 \u09ad\u09be\u09b0\u09cd\u09b8\u09a8)                        <\/a>\n                     <\/li>\n                                             <\/ul>\n         <\/div>\n         <div class=\"col\">\n            <div class=\"title\">\n               <img decoding=\"async\" src=\"https:\/\/gospel.bredewold.dev\/app\/themes\/bredewoldweb\/build\/images\/icon-listen.svg\">\n               <h4>Luisteren<\/h4>\n            <\/div>\n            <ul>\n                                                      <li>\n                        <a href=\"https:\/\/live.bible.is\/bible\/BENBBS\/JHN\/1?audio_type=audio_drama\" target=\"_blank\">\n                           \u0995\u09bf\u09a4\u09be\u09ac\u09c1\u09b2 \u09ae\u09cb\u0995\u09be\u09a6\u09cd\u09a6\u09b8                        <\/a>\n                     <\/li>\n                                                                        <li>\n                        <a href=\"https:\/\/live.bible.is\/bible\/BENCLV\/JHN\/1\" target=\"_blank\">\n                           Common Language Version                        <\/a>\n                     <\/li>\n                                                                        <li>\n                        <a href=\"https:\/\/live.bible.is\/bible\/BENRBV\/JHN\/1\" target=\"_blank\">\n                           Re-edit Bangla Version                        <\/a>\n                     <\/li>\n                                             <\/ul>\n         <\/div>\n         <div class=\"col\">\n            <div class=\"title\">\n               <img decoding=\"async\" src=\"https:\/\/gospel.bredewold.dev\/app\/themes\/bredewoldweb\/build\/images\/icon-watch.svg\">\n               <h4>Kijken<\/h4>\n            <\/div>\n            <ul>\n                                                      <li>\n                        <a href=\"https:\/\/www.jesusfilm.org\/watch\/jesus.html\/bengali-indian.html\" target=\"_blank\">\n                           JesusFilm                        <\/a>\n                     <\/li>\n                                             <\/ul>\n         <\/div>\n   <\/div>\n\n<\/section>","protected":false},"excerpt":{"rendered":"","protected":false},"author":1,"featured_media":0,"parent":0,"menu_order":0,"comment_status":"closed","ping_status":"closed","template":"","meta":{"_acf_changed":false,"footnotes":""},"class_list":["post-413","page","type-page","status-publish","hentry"],"acf":[],"yoast_head":"<!-- This site is optimized with the Yoast SEO plugin v27.1.1 - https:\/\/yoast.com\/product\/yoast-seo-wordpress\/ -->\n<title>Home - Gospel.Cloud<\/title>\n<meta name=\"robots\" content=\"noindex, follow, max-snippet:-1, max-image-preview:large, max-video-preview:-1\" \/>\n<meta property=\"og:locale\" content=\"en_US\" \/>\n<meta property=\"og:type\" content=\"article\" \/>\n<meta property=\"og:title\" content=\"Home - Gospel.Cloud\" \/>\n<meta property=\"og:url\" content=\"https:\/\/gospel.bredewold.dev\/bn\/\" \/>\n<meta property=\"og:site_name\" content=\"Gospel.Cloud\" \/>\n<meta property=\"article:modified_time\" content=\"2025-12-12T15:12:20+00:00\" \/>\n<meta name=\"twitter:card\" content=\"summary_large_image\" \/>\n<script type=\"application\/ld+json\" class=\"yoast-schema-graph\">{\"@context\":\"https:\/\/schema.org\",\"@graph\":[{\"@type\":\"WebPage\",\"@id\":\"https:\/\/gospel.bredewold.dev\/bn\/\",\"url\":\"https:\/\/gospel.bredewold.dev\/bn\/\",\"name\":\"Home - Gospel.Cloud\",\"isPartOf\":{\"@id\":\"https:\/\/gospel.bredewold.dev\/bn\/#website\"},\"datePublished\":\"2024-08-21T12:35:08+00:00\",\"dateModified\":\"2025-12-12T15:12:20+00:00\",\"breadcrumb\":{\"@id\":\"https:\/\/gospel.bredewold.dev\/bn\/#breadcrumb\"},\"inLanguage\":\"bn-BD\",\"potentialAction\":[{\"@type\":\"ReadAction\",\"target\":[\"https:\/\/gospel.bredewold.dev\/bn\/\"]}]},{\"@type\":\"BreadcrumbList\",\"@id\":\"https:\/\/gospel.bredewold.dev\/bn\/#breadcrumb\",\"itemListElement\":[{\"@type\":\"ListItem\",\"position\":1,\"name\":\"Home\",\"item\":\"https:\/\/gospel.bredewold.dev\/bn\/\"},{\"@type\":\"ListItem\",\"position\":2,\"name\":\"Home\"}]},{\"@type\":\"WebSite\",\"@id\":\"https:\/\/gospel.bredewold.dev\/bn\/#website\",\"url\":\"https:\/\/gospel.bredewold.dev\/bn\/\",\"name\":\"Gospel.Cloud\",\"description\":\"The Bible in your language\",\"potentialAction\":[{\"@type\":\"SearchAction\",\"target\":{\"@type\":\"EntryPoint\",\"urlTemplate\":\"https:\/\/gospel.bredewold.dev\/bn\/?s={search_term_string}\"},\"query-input\":{\"@type\":\"PropertyValueSpecification\",\"valueRequired\":true,\"valueName\":\"search_term_string\"}}],\"inLanguage\":\"bn-BD\"}]}<\/script>\n<!-- \/ Yoast SEO plugin. -->","yoast_head_json":{"title":"Home - Gospel.Cloud","robots":{"index":"noindex","follow":"follow","max-snippet":"max-snippet:-1","max-image-preview":"max-image-preview:large","max-video-preview":"max-video-preview:-1"},"og_locale":"en_US","og_type":"article","og_title":"Home - Gospel.Cloud","og_url":"https:\/\/gospel.bredewold.dev\/bn\/","og_site_name":"Gospel.Cloud","article_modified_time":"2025-12-12T15:12:20+00:00","twitter_card":"summary_large_image","schema":{"@context":"https:\/\/schema.org","@graph":[{"@type":"WebPage","@id":"https:\/\/gospel.bredewold.dev\/bn\/","url":"https:\/\/gospel.bredewold.dev\/bn\/","name":"Home - Gospel.Cloud","isPartOf":{"@id":"https:\/\/gospel.bredewold.dev\/bn\/#website"},"datePublished":"2024-08-21T12:35:08+00:00","dateModified":"2025-12-12T15:12:20+00:00","breadcrumb":{"@id":"https:\/\/gospel.bredewold.dev\/bn\/#breadcrumb"},"inLanguage":"bn-BD","potentialAction":[{"@type":"ReadAction","target":["https:\/\/gospel.bredewold.dev\/bn\/"]}]},{"@type":"BreadcrumbList","@id":"https:\/\/gospel.bredewold.dev\/bn\/#breadcrumb","itemListElement":[{"@type":"ListItem","position":1,"name":"Home","item":"https:\/\/gospel.bredewold.dev\/bn\/"},{"@type":"ListItem","position":2,"name":"Home"}]},{"@type":"WebSite","@id":"https:\/\/gospel.bredewold.dev\/bn\/#website","url":"https:\/\/gospel.bredewold.dev\/bn\/","name":"Gospel.Cloud","description":"The Bible in your language","potentialAction":[{"@type":"SearchAction","target":{"@type":"EntryPoint","urlTemplate":"https:\/\/gospel.bredewold.dev\/bn\/?s={search_term_string}"},"query-input":{"@type":"PropertyValueSpecification","valueRequired":true,"valueName":"search_term_string"}}],"inLanguage":"bn-BD"}]}},"_links":{"self":[{"href":"https:\/\/gospel.bredewold.dev\/bn\/wp-json\/wp\/v2\/pages\/413","targetHints":{"allow":["GET"]}}],"collection":[{"href":"https:\/\/gospel.bredewold.dev\/bn\/wp-json\/wp\/v2\/pages"}],"about":[{"href":"https:\/\/gospel.bredewold.dev\/bn\/wp-json\/wp\/v2\/types\/page"}],"author":[{"embeddable":true,"href":"https:\/\/gospel.bredewold.dev\/bn\/wp-json\/wp\/v2\/users\/1"}],"replies":[{"embeddable":true,"href":"https:\/\/gospel.bredewold.dev\/bn\/wp-json\/wp\/v2\/comments?post=413"}],"version-history":[{"count":4,"href":"https:\/\/gospel.bredewold.dev\/bn\/wp-json\/wp\/v2\/pages\/413\/revisions"}],"predecessor-version":[{"id":427,"href":"https:\/\/gospel.bredewold.dev\/bn\/wp-json\/wp\/v2\/pages\/413\/revisions\/427"}],"wp:attachment":[{"href":"https:\/\/gospel.bredewold.dev\/bn\/wp-json\/wp\/v2\/media?parent=413"}],"curies":[{"name":"wp","href":"https:\/\/api.w.org\/{rel}","templated":true}]}}